{"id":29,"date":"2022-07-06T21:19:31","date_gmt":"2022-07-06T19:19:31","guid":{"rendered":"http:\/\/contendo.pl\/?page_id=29"},"modified":"2022-11-15T15:15:59","modified_gmt":"2022-11-15T14:15:59","slug":"strona-glowna","status":"publish","type":"page","link":"https:\/\/contendo.pl\/","title":{"rendered":"Strona g\u0142\u00f3wna"},"content":{"rendered":"\n<div class=\"wp-block-columns container is-layout-flex wp-container-core-columns-is-layout-28f84493 wp-block-columns-is-layout-flex\">\n<div class=\"wp-block-column col-md-5 is-layout-flow wp-block-column-is-layout-flow\">\n<div style=\"height:55px\" aria-hidden=\"true\" class=\"wp-block-spacer\"><\/div>\n\n\n\n<h2 class=\"has-text-align-center wp-block-heading\">O Firmie<\/h2>\n<\/div>\n<\/div>\n\n\n\n<p style=\"text-align: justify; text-justify: inter-word;\">Kancelaria Doradc\u00f3w \u201eContendo\u201d Krzysztof Olszewski powsta\u0142a w 1993 roku. Tworzy j\u0105 zesp\u00f3\u0142 rzeczoznawc\u00f3w maj\u0105tkowych, in\u017cynier\u00f3w budownictwa, in\u017cynier\u00f3w mechanik\u00f3w. Specjalizujemy si\u0119 w doradztwie w zakresie okre\u015blania warto\u015bci. Wykonujemy opracowania dotycz\u0105ce wyceny przedsi\u0119biorstw, ich zorganizowanych cz\u0119\u015bci, udzia\u0142\u00f3w, pakiet\u00f3w udzia\u0142\u00f3w. Przy przekszta\u0142ceniach w\u0142asno\u015bciowych szacujemy warto\u015b\u0107 maj\u0105tku do okre\u015blenia parytet\u00f3w udzia\u0142\u00f3w \/ akcji. Doradzamy w zakresie rozliczenia ze wsp\u00f3lnikami (wyst\u0105pienie ze sp\u00f3\u0142ki, sprzeda\u017c udzia\u0142\u00f3w, obj\u0119cie udzia\u0142\u00f3w w darowi\u017anie, spadku itp.). Sporz\u0105dzamy opinie dotycz\u0105ce w\u0142a\u015bciwego momentu zg\u0142oszenia wniosku o og\u0142oszenie upad\u0142o\u015bci oraz zwi\u0105zan\u0105 z tym ewentualn\u0105 odpowiedzialno\u015bci\u0105 cz\u0142onk\u00f3w zarz\u0105d\u00f3w. Wsp\u00f3\u0142pracujemy z Doradcami Restrukturyzacyjnymi, Syndykami oraz Komornikami wykonuj\u0105c opracowania i doradzaj\u0105c w procesach restrukturyzacji, upad\u0142o\u015bci i likwidacji przedsi\u0119biorstw. <\/p>\n\n\n\n<p style=\"text-align: justify; text-justify: inter-word;\">W zakresie szacowania nieruchomo\u015bci oferujemy pe\u0142en zakres us\u0142ug. Wykonujemy wyceny nieruchomo\u015bci do kupna, sprzeda\u017cy, przekszta\u0142ce\u0144 w\u0142asno\u015bciowych, zabezpieczeniem kredyt\u00f3w na nieruchomo\u015bciach oraz dla cel\u00f3w sprawozdawczo\u015bci finansowo ksi\u0119gowej. Mamy do\u015bwiadczenie w wykonywaniu operat\u00f3w szacunkowych zwi\u0105zanych z odszkodowaniami za grunty zaj\u0119te pod drogi, zwrotami wyw\u0142aszczonych nieruchomo\u015bci itp. Wykonujemy inwentaryzacje architektoniczno budowlane, przegl\u0105dy techniczne budynk\u00f3w oraz audyty energetyczne budynk\u00f3w. Oferujemy swoj\u0105 pomoc w sprawach administracyjnych dotycz\u0105cych nieruchomo\u015bci (odszkodowania, op\u0142aty za wieczyste u\u017cytkowanie, zwroty wyw\u0142aszczonych nieruchomo\u015bci itp.). Wykonujemy opinie dotycz\u0105ce okre\u015blania warto\u015bci mienia ruchomego. Szacujemy linie produkcyjne, \u015brodki transportu, maszyny i urz\u0105dzenia oraz wyposa\u017cenie. Opinie sporz\u0105dzane s\u0105 do sprzeda\u017cy, kupna, cel\u00f3w finansowo ksi\u0119gowych. <\/p>\n\n\n\n<div style=\"height:100px\" aria-hidden=\"true\" class=\"wp-block-spacer\"><\/div>\n","protected":false},"excerpt":{"rendered":"<p>O Firmie Kancelaria Doradc\u00f3w \u201eContendo\u201d Krzysztof Olszewski powsta\u0142a w 1993 roku. Tworzy j\u0105 zesp\u00f3\u0142 rzeczoznawc\u00f3w maj\u0105tkowych, in\u017cynier\u00f3w budownictwa, in\u017cynier\u00f3w mechanik\u00f3w. Specjalizujemy si\u0119 w doradztwie w zakresie okre\u015blania warto\u015bci. Wykonujemy opracowania dotycz\u0105ce wyceny przedsi\u0119biorstw, ich zorganizowanych cz\u0119\u015bci, udzia\u0142\u00f3w, pakiet\u00f3w udzia\u0142\u00f3w. Przy przekszta\u0142ceniach w\u0142asno\u015bciowych szacujemy warto\u015b\u0107 maj\u0105tku do okre\u015blenia parytet\u00f3w udzia\u0142\u00f3w \/ [&hellip;]<\/p>\n","protected":false},"author":1,"featured_media":0,"parent":0,"menu_order":0,"comment_status":"closed","ping_status":"closed","template":"","meta":{"footnotes":""},"class_list":["post-29","page","type-page","status-publish","hentry"],"_links":{"self":[{"href":"https:\/\/contendo.pl\/index.php\/wp-json\/wp\/v2\/pages\/29","targetHints":{"allow":["GET"]}}],"collection":[{"href":"https:\/\/contendo.pl\/index.php\/wp-json\/wp\/v2\/pages"}],"about":[{"href":"https:\/\/contendo.pl\/index.php\/wp-json\/wp\/v2\/types\/page"}],"author":[{"embeddable":true,"href":"https:\/\/contendo.pl\/index.php\/wp-json\/wp\/v2\/users\/1"}],"replies":[{"embeddable":true,"href":"https:\/\/contendo.pl\/index.php\/wp-json\/wp\/v2\/comments?post=29"}],"version-history":[{"count":22,"href":"https:\/\/contendo.pl\/index.php\/wp-json\/wp\/v2\/pages\/29\/revisions"}],"predecessor-version":[{"id":173,"href":"https:\/\/contendo.pl\/index.php\/wp-json\/wp\/v2\/pages\/29\/revisions\/173"}],"wp:attachment":[{"href":"https:\/\/contendo.pl\/index.php\/wp-json\/wp\/v2\/media?parent=29"}],"curies":[{"name":"wp","href":"https:\/\/api.w.org\/{rel}","templated":true}]}}